{"id":252,"date":"2025-05-21T22:57:44","date_gmt":"2025-05-21T19:57:44","guid":{"rendered":"http:\/\/www.burcuelektronik.com.tr\/?page_id=252"},"modified":"2025-05-21T22:57:47","modified_gmt":"2025-05-21T19:57:47","slug":"dualsense-kablosuz-kontrol-cihazi","status":"publish","type":"page","link":"http:\/\/www.burcuelektronik.com.tr\/index.php\/dualsense-kablosuz-kontrol-cihazi\/","title":{"rendered":"DualSense\u2122 Kablosuz Kontrol Cihaz\u0131"},"content":{"rendered":"\n<p>Duyarl\u0131 dokunsal geri bildirim ve dinamik tetik efektlerini destekleyen bir kontrol cihaz\u0131yla kendinizi oyun deneyimine kapt\u0131r\u0131n.<\/p>\n","protected":false},"excerpt":{"rendered":"<p>Duyarl\u0131 dokunsal geri bildirim ve dinamik tetik efektlerini destekleyen bir kontrol cihaz\u0131yla kendinizi oyun deneyimine kapt\u0131r\u0131n.<\/p>\n","protected":false},"author":1,"featured_media":102,"parent":0,"menu_order":0,"comment_status":"closed","ping_status":"closed","template":"","meta":{"om_disable_all_campaigns":false,"_monsterinsights_skip_tracking":false,"_monsterinsights_sitenote_active":false,"_monsterinsights_sitenote_note":"","_monsterinsights_sitenote_category":0,"footnotes":""},"class_list":["post-252","page","type-page","status-publish","has-post-thumbnail","hentry"],"aioseo_notices":[],"jetpack_sharing_enabled":true,"_links":{"self":[{"href":"http:\/\/www.burcuelektronik.com.tr\/index.php\/wp-json\/wp\/v2\/pages\/252","targetHints":{"allow":["GET"]}}],"collection":[{"href":"http:\/\/www.burcuelektronik.com.tr\/index.php\/wp-json\/wp\/v2\/pages"}],"about":[{"href":"http:\/\/www.burcuelektronik.com.tr\/index.php\/wp-json\/wp\/v2\/types\/page"}],"author":[{"embeddable":true,"href":"http:\/\/www.burcuelektronik.com.tr\/index.php\/wp-json\/wp\/v2\/users\/1"}],"replies":[{"embeddable":true,"href":"http:\/\/www.burcuelektronik.com.tr\/index.php\/wp-json\/wp\/v2\/comments?post=252"}],"version-history":[{"count":1,"href":"http:\/\/www.burcuelektronik.com.tr\/index.php\/wp-json\/wp\/v2\/pages\/252\/revisions"}],"predecessor-version":[{"id":253,"href":"http:\/\/www.burcuelektronik.com.tr\/index.php\/wp-json\/wp\/v2\/pages\/252\/revisions\/253"}],"wp:featuredmedia":[{"embeddable":true,"href":"http:\/\/www.burcuelektronik.com.tr\/index.php\/wp-json\/wp\/v2\/media\/102"}],"wp:attachment":[{"href":"http:\/\/www.burcuelektronik.com.tr\/index.php\/wp-json\/wp\/v2\/media?parent=252"}],"curies":[{"name":"wp","href":"https:\/\/api.w.org\/{rel}","templated":true}]}}