{"id":250,"date":"2025-05-21T22:54:50","date_gmt":"2025-05-21T19:54:50","guid":{"rendered":"http:\/\/www.burcuelektronik.com.tr\/?page_id=250"},"modified":"2025-05-21T22:54:52","modified_gmt":"2025-05-21T19:54:52","slug":"dualsense-edge-kablosuz-kontrol-cihazi","status":"publish","type":"page","link":"http:\/\/www.burcuelektronik.com.tr\/index.php\/dualsense-edge-kablosuz-kontrol-cihazi\/","title":{"rendered":"DualSense Edge\u2122 Kablosuz Kontrol Cihaz\u0131"},"content":{"rendered":"\n<p>Yeniden atanabilir d\u00fc\u011fmeler, ayarlanabilir tetikler ve \u00e7ubuklar, de\u011fi\u015ftirilebilir \u00e7ubuk kapaklar\u0131, arka d\u00fc\u011fmeler ve daha fazlas\u0131 ile oynay\u0131n.<\/p>\n","protected":false},"excerpt":{"rendered":"<p>Yeniden atanabilir d\u00fc\u011fmeler, ayarlanabilir tetikler ve \u00e7ubuklar, de\u011fi\u015ftirilebilir \u00e7ubuk kapaklar\u0131, arka d\u00fc\u011fmeler ve daha fazlas\u0131 ile oynay\u0131n.<\/p>\n","protected":false},"author":1,"featured_media":124,"parent":0,"menu_order":0,"comment_status":"closed","ping_status":"closed","template":"","meta":{"om_disable_all_campaigns":false,"_monsterinsights_skip_tracking":false,"_monsterinsights_sitenote_active":false,"_monsterinsights_sitenote_note":"","_monsterinsights_sitenote_category":0,"footnotes":""},"class_list":["post-250","page","type-page","status-publish","has-post-thumbnail","hentry"],"aioseo_notices":[],"jetpack_sharing_enabled":true,"_links":{"self":[{"href":"http:\/\/www.burcuelektronik.com.tr\/index.php\/wp-json\/wp\/v2\/pages\/250","targetHints":{"allow":["GET"]}}],"collection":[{"href":"http:\/\/www.burcuelektronik.com.tr\/index.php\/wp-json\/wp\/v2\/pages"}],"about":[{"href":"http:\/\/www.burcuelektronik.com.tr\/index.php\/wp-json\/wp\/v2\/types\/page"}],"author":[{"embeddable":true,"href":"http:\/\/www.burcuelektronik.com.tr\/index.php\/wp-json\/wp\/v2\/users\/1"}],"replies":[{"embeddable":true,"href":"http:\/\/www.burcuelektronik.com.tr\/index.php\/wp-json\/wp\/v2\/comments?post=250"}],"version-history":[{"count":1,"href":"http:\/\/www.burcuelektronik.com.tr\/index.php\/wp-json\/wp\/v2\/pages\/250\/revisions"}],"predecessor-version":[{"id":251,"href":"http:\/\/www.burcuelektronik.com.tr\/index.php\/wp-json\/wp\/v2\/pages\/250\/revisions\/251"}],"wp:featuredmedia":[{"embeddable":true,"href":"http:\/\/www.burcuelektronik.com.tr\/index.php\/wp-json\/wp\/v2\/media\/124"}],"wp:attachment":[{"href":"http:\/\/www.burcuelektronik.com.tr\/index.php\/wp-json\/wp\/v2\/media?parent=250"}],"curies":[{"name":"wp","href":"https:\/\/api.w.org\/{rel}","templated":true}]}}