{"id":2,"date":"2021-12-09T15:38:28","date_gmt":"2021-12-09T15:38:28","guid":{"rendered":"http:\/\/www.burcuelektronik.com.tr\/?page_id=2"},"modified":"2026-02-19T21:08:57","modified_gmt":"2026-02-19T18:08:57","slug":"sample-page","status":"publish","type":"page","link":"http:\/\/www.burcuelektronik.com.tr\/","title":{"rendered":"Sony Yetkili Servisi"},"content":{"rendered":"\t\t<div data-elementor-type=\"wp-page\" data-elementor-id=\"2\" class=\"elementor elementor-2\">\n\t\t\t\t<div class=\"elementor-element elementor-element-79b04bca e-flex e-con-boxed e-con e-parent\" data-id=\"79b04bca\" data-element_type=\"container\">\n\t\t\t\t\t<div class=\"e-con-inner\">\n\t\t\t\t<div class=\"elementor-element elementor-element-5d4b489 elementor-widget elementor-widget-heading\" data-id=\"5d4b489\" data-element_type=\"widget\" data-widget_type=\"heading.default\">\n\t\t\t\t<div class=\"elementor-widget-container\">\n\t\t\t\t\t<h2 class=\"elementor-heading-title elementor-size-default\">UYARI! Ma\u011fduriyet ya\u015famamak i\u00e7in cihazlar\u0131n\u0131z\u0131 yetkili servis oldu\u011funa emin olmad\u0131\u011f\u0131n\u0131z yerlere teslim etmeyiniz.<\/h2>\t\t\t\t<\/div>\n\t\t\t\t<\/div>\n\t\t\t\t<div class=\"elementor-element elementor-element-7f910d48 elementor-widget elementor-widget-text-editor\" data-id=\"7f910d48\" data-element_type=\"widget\" data-widget_type=\"text-editor.default\">\n\t\t\t\t<div class=\"elementor-widget-container\">\n\t\t\t\t\t\t\t\t\t\n<figure class=\"wp-block-image size-large\"><img fetchpriority=\"high\" decoding=\"async\" width=\"1024\" height=\"683\" class=\"wp-image-25\" src=\"http:\/\/www.burcuelektronik.com.tr\/wp-content\/uploads\/2021\/12\/sony-1024x683.jpg\" alt=\"\" srcset=\"http:\/\/www.burcuelektronik.com.tr\/wp-content\/uploads\/2021\/12\/sony-1024x683.jpg 1024w, http:\/\/www.burcuelektronik.com.tr\/wp-content\/uploads\/2021\/12\/sony-600x400.jpg 600w, http:\/\/www.burcuelektronik.com.tr\/wp-content\/uploads\/2021\/12\/sony-300x200.jpg 300w, http:\/\/www.burcuelektronik.com.tr\/wp-content\/uploads\/2021\/12\/sony-768x512.jpg 768w, http:\/\/www.burcuelektronik.com.tr\/wp-content\/uploads\/2021\/12\/sony.jpg 1200w\" sizes=\"(max-width: 1024px) 100vw, 1024px\" \/><\/figure>\n\n<p>\u00a0<\/p>\n\n<p><strong>BURCU ELEKTRON\u0130K<\/strong><\/p>\n\n<p><mark class=\"has-inline-color has-vivid-cyan-blue-color\" style=\"background-color: rgba(0, 0, 0, 0);\">(0216) 553 6929<\/mark><\/p>\n\n<p><mark class=\"has-inline-color has-vivid-cyan-blue-color\" style=\"background-color: rgba(0, 0, 0, 0);\">(0532) 766 96 25<\/mark><\/p>\n\n<p>\u00a0<\/p>\n\t\t\t\t\t\t\t\t<\/div>\n\t\t\t\t<\/div>\n\t\t<div class=\"elementor-element elementor-element-1e41409 e-con-full e-flex e-con e-child\" data-id=\"1e41409\" data-element_type=\"container\">\n\t\t\t\t<\/div>\n\t\t\t\t\t<\/div>\n\t\t\t\t<\/div>\n\t\t<div class=\"elementor-element elementor-element-5c1b5ff e-flex e-con-boxed e-con e-parent\" data-id=\"5c1b5ff\" data-element_type=\"container\">\n\t\t\t\t\t<div class=\"e-con-inner\">\n\t\t\t\t\t<\/div>\n\t\t\t\t<\/div>\n\t\t<div class=\"elementor-element elementor-element-d30a995 e-flex e-con-boxed e-con e-parent\" data-id=\"d30a995\" data-element_type=\"container\">\n\t\t\t\t\t<div class=\"e-con-inner\">\n\t\t\t\t\t<\/div>\n\t\t\t\t<\/div>\n\t\t\t\t<\/div>\n\t\t","protected":false},"excerpt":{"rendered":"<p>UYARI! Ma\u011fduriyet ya\u015famamak i\u00e7in cihazlar\u0131n\u0131z\u0131 yetkili servis oldu\u011funa emin olmad\u0131\u011f\u0131n\u0131z yerlere teslim etmeyiniz. \u00a0 BURCU ELEKTRON\u0130K (0216) 553 6929 (0532) 766 96 25 \u00a0<\/p>\n","protected":false},"author":1,"featured_media":25,"parent":0,"menu_order":0,"comment_status":"closed","ping_status":"open","template":"","meta":{"om_disable_all_campaigns":false,"_monsterinsights_skip_tracking":false,"_monsterinsights_sitenote_active":false,"_monsterinsights_sitenote_note":"","_monsterinsights_sitenote_category":0,"footnotes":""},"class_list":["post-2","page","type-page","status-publish","has-post-thumbnail","hentry"],"aioseo_notices":[],"jetpack_sharing_enabled":true,"_links":{"self":[{"href":"http:\/\/www.burcuelektronik.com.tr\/index.php\/wp-json\/wp\/v2\/pages\/2","targetHints":{"allow":["GET"]}}],"collection":[{"href":"http:\/\/www.burcuelektronik.com.tr\/index.php\/wp-json\/wp\/v2\/pages"}],"about":[{"href":"http:\/\/www.burcuelektronik.com.tr\/index.php\/wp-json\/wp\/v2\/types\/page"}],"author":[{"embeddable":true,"href":"http:\/\/www.burcuelektronik.com.tr\/index.php\/wp-json\/wp\/v2\/users\/1"}],"replies":[{"embeddable":true,"href":"http:\/\/www.burcuelektronik.com.tr\/index.php\/wp-json\/wp\/v2\/comments?post=2"}],"version-history":[{"count":35,"href":"http:\/\/www.burcuelektronik.com.tr\/index.php\/wp-json\/wp\/v2\/pages\/2\/revisions"}],"predecessor-version":[{"id":380,"href":"http:\/\/www.burcuelektronik.com.tr\/index.php\/wp-json\/wp\/v2\/pages\/2\/revisions\/380"}],"wp:featuredmedia":[{"embeddable":true,"href":"http:\/\/www.burcuelektronik.com.tr\/index.php\/wp-json\/wp\/v2\/media\/25"}],"wp:attachment":[{"href":"http:\/\/www.burcuelektronik.com.tr\/index.php\/wp-json\/wp\/v2\/media?parent=2"}],"curies":[{"name":"wp","href":"https:\/\/api.w.org\/{rel}","templated":true}]}}